{"id":491,"date":"2023-01-30T10:39:23","date_gmt":"2023-01-30T10:39:23","guid":{"rendered":"http:\/\/www.perladia.com\/?page_id=491"},"modified":"2023-01-30T20:04:42","modified_gmt":"2023-01-30T20:04:42","slug":"insaat","status":"publish","type":"page","link":"https:\/\/www.perladia.com\/en\/insaat\/","title":{"rendered":"Construction"},"content":{"rendered":"<div data-elementor-type=\"wp-post\" data-elementor-id=\"491\" class=\"elementor elementor-491\">\n\t\t\t\t\t\t<section class=\"elementor-section elementor-top-section elementor-element elementor-element-955e682 elementor-section-height-min-height elementor-section-items-bottom elementor-section-content-middle elementor-section-boxed elementor-section-height-default\" data-id=\"955e682\" data-element_type=\"section\" data-settings=\"{&quot;background_background&quot;:&quot;classic&quot;}\">\n\t\t\t\t\t\t\t<div class=\"elementor-background-overlay\"><\/div>\n\t\t\t\t\t\t\t<div class=\"elementor-container elementor-column-gap-default\">\n\t\t\t\t\t<div class=\"elementor-column elementor-col-100 elementor-top-column elementor-element elementor-element-8b3e524\" data-id=\"8b3e524\" data-element_type=\"column\">\n\t\t\t<div class=\"elementor-widget-wrap elementor-element-populated\">\n\t\t\t\t\t\t<div class=\"elementor-element elementor-element-35520c5 elementor-widget elementor-widget-heading\" data-id=\"35520c5\" data-element_type=\"widget\" data-widget_type=\"heading.default\">\n\t\t\t\t<div class=\"elementor-widget-container\">\n\t\t\t<style>\/*! elementor - v3.19.0 - 07-02-2024 *\/\n.elementor-heading-title{padding:0;margin:0;line-height:1}.elementor-widget-heading .elementor-heading-title[class*=elementor-size-]>a{color:inherit;font-size:inherit;line-height:inherit}.elementor-widget-heading .elementor-heading-title.elementor-size-small{font-size:15px}.elementor-widget-heading .elementor-heading-title.elementor-size-medium{font-size:19px}.elementor-widget-heading .elementor-heading-title.elementor-size-large{font-size:29px}.elementor-widget-heading .elementor-heading-title.elementor-size-xl{font-size:39px}.elementor-widget-heading .elementor-heading-title.elementor-size-xxl{font-size:59px}<\/style><h2 class=\"elementor-heading-title elementor-size-default\">Construction<\/h2>\t\t<\/div>\n\t\t\t\t<\/div>\n\t\t\t\t\t<\/div>\n\t\t<\/div>\n\t\t\t\t\t<\/div>\n\t\t<\/section>\n\t\t\t\t<section class=\"elementor-section elementor-top-section elementor-element elementor-element-d5896af elementor-section-boxed elementor-section-height-default elementor-section-height-default\" data-id=\"d5896af\" data-element_type=\"section\">\n\t\t\t\t\t\t<div class=\"elementor-container elementor-column-gap-default\">\n\t\t\t\t\t<div class=\"elementor-column elementor-col-50 elementor-top-column elementor-element elementor-element-1d9c86a\" data-id=\"1d9c86a\" data-element_type=\"column\">\n\t\t\t<div class=\"elementor-widget-wrap elementor-element-populated\">\n\t\t\t\t\t\t<div class=\"elementor-element elementor-element-4e18b50 elementor-widget elementor-widget-image\" data-id=\"4e18b50\" data-element_type=\"widget\" data-widget_type=\"image.default\">\n\t\t\t\t<div class=\"elementor-widget-container\">\n\t\t\t<style>\/*! elementor - v3.19.0 - 07-02-2024 *\/\n.elementor-widget-image{text-align:center}.elementor-widget-image a{display:inline-block}.elementor-widget-image a img[src$=\".svg\"]{width:48px}.elementor-widget-image img{vertical-align:middle;display:inline-block}<\/style>\t\t\t\t\t\t\t\t\t\t<img fetchpriority=\"high\" decoding=\"async\" width=\"800\" height=\"309\" src=\"https:\/\/www.perladia.com\/wp-content\/uploads\/2023\/01\/future-building-construction-engineering-project-1024x395.jpg\" class=\"attachment-large size-large wp-image-496\" alt=\"\" srcset=\"https:\/\/www.perladia.com\/wp-content\/uploads\/2023\/01\/future-building-construction-engineering-project-1024x395.jpg 1024w, https:\/\/www.perladia.com\/wp-content\/uploads\/2023\/01\/future-building-construction-engineering-project-300x116.jpg 300w, https:\/\/www.perladia.com\/wp-content\/uploads\/2023\/01\/future-building-construction-engineering-project-768x296.jpg 768w, https:\/\/www.perladia.com\/wp-content\/uploads\/2023\/01\/future-building-construction-engineering-project-1536x592.jpg 1536w, https:\/\/www.perladia.com\/wp-content\/uploads\/2023\/01\/future-building-construction-engineering-project-18x7.jpg 18w, https:\/\/www.perladia.com\/wp-content\/uploads\/2023\/01\/future-building-construction-engineering-project.jpg 1920w\" sizes=\"(max-width: 800px) 100vw, 800px\" \/>\t\t\t\t\t\t\t\t\t\t\t\t\t<\/div>\n\t\t\t\t<\/div>\n\t\t\t\t\t<\/div>\n\t\t<\/div>\n\t\t\t\t<div class=\"elementor-column elementor-col-50 elementor-top-column elementor-element elementor-element-5495d20\" data-id=\"5495d20\" data-element_type=\"column\">\n\t\t\t<div class=\"elementor-widget-wrap elementor-element-populated\">\n\t\t\t\t\t\t<div class=\"elementor-element elementor-element-b7cf715 elementor-widget elementor-widget-text-editor\" data-id=\"b7cf715\" data-element_type=\"widget\" data-widget_type=\"text-editor.default\">\n\t\t\t\t<div class=\"elementor-widget-container\">\n\t\t\t<style>\/*! elementor - v3.19.0 - 07-02-2024 *\/\n.elementor-widget-text-editor.elementor-drop-cap-view-stacked .elementor-drop-cap{background-color:#69727d;color:#fff}.elementor-widget-text-editor.elementor-drop-cap-view-framed .elementor-drop-cap{color:#69727d;border:3px solid;background-color:transparent}.elementor-widget-text-editor:not(.elementor-drop-cap-view-default) .elementor-drop-cap{margin-top:8px}.elementor-widget-text-editor:not(.elementor-drop-cap-view-default) .elementor-drop-cap-letter{width:1em;height:1em}.elementor-widget-text-editor .elementor-drop-cap{float:left;text-align:center;line-height:1;font-size:50px}.elementor-widget-text-editor .elementor-drop-cap-letter{display:inline-block}<\/style>\t\t\t\t<p>Perladia has signed many construction projects from past to present. All kinds of construction\nmaterials, especially insulation products, are supplied by Perladia. Another service that\nPerladia offers to its customers in the field of construction is Architectural services. With its\narchitects who are experts in their fields, Perladia provides services in line with the wishes of\nits customers in subjects such as three-dimensional modeling, design and project\nmanagement.<\/p>\n<p>For questions and information, please contact the Perladia customer support team.<\/p>\t\t\t\t\t\t<\/div>\n\t\t\t\t<\/div>\n\t\t\t\t\t<\/div>\n\t\t<\/div>\n\t\t\t\t\t<\/div>\n\t\t<\/section>\n\t\t\t\t<\/div>","protected":false},"excerpt":{"rendered":"<p>\u0130n\u015faat Perladia ge\u00e7mi\u015ften g\u00fcn\u00fcm\u00fcze bir\u00e7ok in\u015faat projelerine imza atm\u0131\u015ft\u0131r. Ba\u015fta izolasyon \u00fcr\u00fcnleri olmak \u00fczere her t\u00fcrl\u00fc in\u015faat malzemeleri Perladia taraf\u0131ndan temin edilmektedir. \u0130n\u015faat alan\u0131nda Perladia\u2019n\u0131n m\u00fc\u015fterilerine sundu\u011fu bir di\u011fer hizmet ise mimarl\u0131k hizmetleridir. Alan\u0131nda uzman mimarlar\u0131yla Perladia \u00fc\u00e7 boyutlu modelleme, tasar\u0131m ve proje y\u00f6netimi gibi konularda m\u00fc\u015fterilerinin istekleri do\u011frultusunda hizmet sunmaktad\u0131r. Soru ve bilgi i\u00e7in [&hellip;]<\/p>","protected":false},"author":1,"featured_media":0,"parent":0,"menu_order":0,"comment_status":"closed","ping_status":"closed","template":"","meta":[],"_links":{"self":[{"href":"https:\/\/www.perladia.com\/en\/wp-json\/wp\/v2\/pages\/491"}],"collection":[{"href":"https:\/\/www.perladia.com\/en\/wp-json\/wp\/v2\/pages"}],"about":[{"href":"https:\/\/www.perladia.com\/en\/wp-json\/wp\/v2\/types\/page"}],"author":[{"embeddable":true,"href":"https:\/\/www.perladia.com\/en\/wp-json\/wp\/v2\/users\/1"}],"replies":[{"embeddable":true,"href":"https:\/\/www.perladia.com\/en\/wp-json\/wp\/v2\/comments?post=491"}],"version-history":[{"count":6,"href":"https:\/\/www.perladia.com\/en\/wp-json\/wp\/v2\/pages\/491\/revisions"}],"predecessor-version":[{"id":647,"href":"https:\/\/www.perladia.com\/en\/wp-json\/wp\/v2\/pages\/491\/revisions\/647"}],"wp:attachment":[{"href":"https:\/\/www.perladia.com\/en\/wp-json\/wp\/v2\/media?parent=491"}],"curies":[{"name":"wp","href":"https:\/\/api.w.org\/{rel}","templated":true}]}}