{"id":44,"date":"2023-01-10T08:47:01","date_gmt":"2023-01-10T08:47:01","guid":{"rendered":"http:\/\/www.perladia.com\/?page_id=44"},"modified":"2023-01-30T20:04:34","modified_gmt":"2023-01-30T20:04:34","slug":"uluslararasi-danismanlik-hizmetleri","status":"publish","type":"page","link":"https:\/\/www.perladia.com\/en\/international-consultancy\/","title":{"rendered":"International Consultancy Services\u200b"},"content":{"rendered":"<div data-elementor-type=\"wp-post\" data-elementor-id=\"44\" class=\"elementor elementor-44\">\n\t\t\t\t\t\t<section class=\"elementor-section elementor-top-section elementor-element elementor-element-6852315 elementor-section-height-min-height elementor-section-items-bottom elementor-section-content-middle elementor-section-boxed elementor-section-height-default\" data-id=\"6852315\" data-element_type=\"section\" data-settings=\"{&quot;background_background&quot;:&quot;classic&quot;}\">\n\t\t\t\t\t\t\t<div class=\"elementor-background-overlay\"><\/div>\n\t\t\t\t\t\t\t<div class=\"elementor-container elementor-column-gap-default\">\n\t\t\t\t\t<div class=\"elementor-column elementor-col-100 elementor-top-column elementor-element elementor-element-25dbfbe\" data-id=\"25dbfbe\" data-element_type=\"column\">\n\t\t\t<div class=\"elementor-widget-wrap elementor-element-populated\">\n\t\t\t\t\t\t<div class=\"elementor-element elementor-element-567c9cb elementor-widget elementor-widget-heading\" data-id=\"567c9cb\" data-element_type=\"widget\" data-widget_type=\"heading.default\">\n\t\t\t\t<div class=\"elementor-widget-container\">\n\t\t\t<style>\/*! elementor - v3.19.0 - 07-02-2024 *\/\n.elementor-heading-title{padding:0;margin:0;line-height:1}.elementor-widget-heading .elementor-heading-title[class*=elementor-size-]>a{color:inherit;font-size:inherit;line-height:inherit}.elementor-widget-heading .elementor-heading-title.elementor-size-small{font-size:15px}.elementor-widget-heading .elementor-heading-title.elementor-size-medium{font-size:19px}.elementor-widget-heading .elementor-heading-title.elementor-size-large{font-size:29px}.elementor-widget-heading .elementor-heading-title.elementor-size-xl{font-size:39px}.elementor-widget-heading .elementor-heading-title.elementor-size-xxl{font-size:59px}<\/style><h2 class=\"elementor-heading-title elementor-size-default\">International Consulting\u200b<\/h2>\t\t<\/div>\n\t\t\t\t<\/div>\n\t\t\t\t\t<\/div>\n\t\t<\/div>\n\t\t\t\t\t<\/div>\n\t\t<\/section>\n\t\t\t\t<section class=\"elementor-section elementor-top-section elementor-element elementor-element-0222487 elementor-section-boxed elementor-section-height-default elementor-section-height-default\" data-id=\"0222487\" data-element_type=\"section\">\n\t\t\t\t\t\t<div class=\"elementor-container elementor-column-gap-default\">\n\t\t\t\t\t<div class=\"elementor-column elementor-col-50 elementor-top-column elementor-element elementor-element-d2d55f7\" data-id=\"d2d55f7\" data-element_type=\"column\">\n\t\t\t<div class=\"elementor-widget-wrap elementor-element-populated\">\n\t\t\t\t\t\t<div class=\"elementor-element elementor-element-032b23c elementor-widget elementor-widget-image\" data-id=\"032b23c\" data-element_type=\"widget\" data-widget_type=\"image.default\">\n\t\t\t\t<div class=\"elementor-widget-container\">\n\t\t\t<style>\/*! elementor - v3.19.0 - 07-02-2024 *\/\n.elementor-widget-image{text-align:center}.elementor-widget-image a{display:inline-block}.elementor-widget-image a img[src$=\".svg\"]{width:48px}.elementor-widget-image img{vertical-align:middle;display:inline-block}<\/style>\t\t\t\t\t\t\t\t\t\t<img fetchpriority=\"high\" decoding=\"async\" width=\"800\" height=\"534\" src=\"https:\/\/www.perladia.com\/wp-content\/uploads\/2023\/01\/akashi-kaikyo-bridge-1024x683.jpg\" class=\"attachment-large size-large wp-image-34\" alt=\"\" srcset=\"https:\/\/www.perladia.com\/wp-content\/uploads\/2023\/01\/akashi-kaikyo-bridge-1024x683.jpg 1024w, https:\/\/www.perladia.com\/wp-content\/uploads\/2023\/01\/akashi-kaikyo-bridge-300x200.jpg 300w, https:\/\/www.perladia.com\/wp-content\/uploads\/2023\/01\/akashi-kaikyo-bridge-768x512.jpg 768w, https:\/\/www.perladia.com\/wp-content\/uploads\/2023\/01\/akashi-kaikyo-bridge-1536x1024.jpg 1536w, https:\/\/www.perladia.com\/wp-content\/uploads\/2023\/01\/akashi-kaikyo-bridge.jpg 1620w\" sizes=\"(max-width: 800px) 100vw, 800px\" \/>\t\t\t\t\t\t\t\t\t\t\t\t\t<\/div>\n\t\t\t\t<\/div>\n\t\t\t\t\t<\/div>\n\t\t<\/div>\n\t\t\t\t<div class=\"elementor-column elementor-col-50 elementor-top-column elementor-element elementor-element-601ca39\" data-id=\"601ca39\" data-element_type=\"column\">\n\t\t\t<div class=\"elementor-widget-wrap elementor-element-populated\">\n\t\t\t\t\t\t<div class=\"elementor-element elementor-element-613a83f elementor-widget elementor-widget-text-editor\" data-id=\"613a83f\" data-element_type=\"widget\" data-widget_type=\"text-editor.default\">\n\t\t\t\t<div class=\"elementor-widget-container\">\n\t\t\t<style>\/*! elementor - v3.19.0 - 07-02-2024 *\/\n.elementor-widget-text-editor.elementor-drop-cap-view-stacked .elementor-drop-cap{background-color:#69727d;color:#fff}.elementor-widget-text-editor.elementor-drop-cap-view-framed .elementor-drop-cap{color:#69727d;border:3px solid;background-color:transparent}.elementor-widget-text-editor:not(.elementor-drop-cap-view-default) .elementor-drop-cap{margin-top:8px}.elementor-widget-text-editor:not(.elementor-drop-cap-view-default) .elementor-drop-cap-letter{width:1em;height:1em}.elementor-widget-text-editor .elementor-drop-cap{float:left;text-align:center;line-height:1;font-size:50px}.elementor-widget-text-editor .elementor-drop-cap-letter{display:inline-block}<\/style>\t\t\t\t<p>Perladia provides its clients and partners with a privileged and safe trade comfort in the\ninternational arena, thanks to its multinational staff who are experts in their field and\ncollaborations with well-known brands and companies in many countries of the world.<\/p><p>For questions and information, please contact the Perladia customer support team.<\/p>\t\t\t\t\t\t<\/div>\n\t\t\t\t<\/div>\n\t\t\t\t\t<\/div>\n\t\t<\/div>\n\t\t\t\t\t<\/div>\n\t\t<\/section>\n\t\t\t\t<\/div>","protected":false},"excerpt":{"rendered":"<p>Uluslararas\u0131 dan\u0131\u015fmanl\u0131k Perladia alan\u0131nda uzman \u00e7ok uluslu kadrosu ve d\u00fcnyan\u0131n pek \u00e7ok \u00fclkesindeki tan\u0131nm\u0131\u015f marka ve \u015firketlerle yapt\u0131\u011f\u0131 i\u015fbirlikleri sayesinde dan\u0131\u015fanlar\u0131na ve ortaklar\u0131na uluslararas\u0131 mecrada ayr\u0131cal\u0131kl\u0131 ve g\u00fcvenli bir ticaret konforu\u00a0 sa\u011flamaktad\u0131r. Soru ve bilgi i\u00e7in l\u00fctfen Perladia m\u00fc\u015fteri destek ekibi ile ileti\u015fime ge\u00e7iniz.<\/p>","protected":false},"author":1,"featured_media":0,"parent":0,"menu_order":0,"comment_status":"closed","ping_status":"closed","template":"","meta":[],"_links":{"self":[{"href":"https:\/\/www.perladia.com\/en\/wp-json\/wp\/v2\/pages\/44"}],"collection":[{"href":"https:\/\/www.perladia.com\/en\/wp-json\/wp\/v2\/pages"}],"about":[{"href":"https:\/\/www.perladia.com\/en\/wp-json\/wp\/v2\/types\/page"}],"author":[{"embeddable":true,"href":"https:\/\/www.perladia.com\/en\/wp-json\/wp\/v2\/users\/1"}],"replies":[{"embeddable":true,"href":"https:\/\/www.perladia.com\/en\/wp-json\/wp\/v2\/comments?post=44"}],"version-history":[{"count":6,"href":"https:\/\/www.perladia.com\/en\/wp-json\/wp\/v2\/pages\/44\/revisions"}],"predecessor-version":[{"id":644,"href":"https:\/\/www.perladia.com\/en\/wp-json\/wp\/v2\/pages\/44\/revisions\/644"}],"wp:attachment":[{"href":"https:\/\/www.perladia.com\/en\/wp-json\/wp\/v2\/media?parent=44"}],"curies":[{"name":"wp","href":"https:\/\/api.w.org\/{rel}","templated":true}]}}